{"id":7749,"date":"2025-05-15T19:58:42","date_gmt":"2025-05-15T19:58:42","guid":{"rendered":"https:\/\/medhorizons.ch\/?page_id=7749"},"modified":"2025-05-18T21:24:34","modified_gmt":"2025-05-18T21:24:34","slug":"pour-les-professionnels","status":"publish","type":"page","link":"https:\/\/medhorizons.ch\/en\/pour-les-professionnels\/","title":{"rendered":"For Professionals"},"content":{"rendered":"<div data-elementor-type=\"wp-page\" data-elementor-id=\"7749\" class=\"elementor elementor-7749\">\n\t\t\t\t<div class=\"elementor-element elementor-element-50607f4 e-flex e-con-boxed e-con e-parent\" data-id=\"50607f4\" data-element_type=\"container\" data-settings=\"{&quot;background_background&quot;:&quot;classic&quot;}\">\n\t\t\t\t\t<div class=\"e-con-inner\">\n\t\t<div class=\"elementor-element elementor-element-dc2026f e-con-full e-flex e-con e-child\" data-id=\"dc2026f\" data-element_type=\"container\">\n\t\t\t\t<div class=\"elementor-element elementor-element-25249f5 at-heading-animation at-animation-heading-style-3 elementor-widget elementor-widget-heading\" data-id=\"25249f5\" data-element_type=\"widget\" data-settings=\"{&quot;ekit_we_effect_on&quot;:&quot;none&quot;}\" data-widget_type=\"heading.default\">\n\t\t\t\t<div class=\"elementor-widget-container\">\n\t\t\t\t\t<h1 class=\"elementor-heading-title elementor-size-default\">Pour les professionnels\u200b<\/h1>\t\t\t\t<\/div>\n\t\t\t\t<\/div>\n\t\t\t\t<div class=\"elementor-element elementor-element-c05f6eb elementor-invisible elementor-widget elementor-widget-elementskit-breadcrumb\" data-id=\"c05f6eb\" data-element_type=\"widget\" data-settings=\"{&quot;_animation&quot;:&quot;fadeInUp&quot;,&quot;ekit_we_effect_on&quot;:&quot;none&quot;}\" data-widget_type=\"elementskit-breadcrumb.default\">\n\t\t\t\t<div class=\"elementor-widget-container\">\n\t\t\t\t\t<div class=\"ekit-wid-con\" ><ol class=\"ekit-breadcrumb\"><li class=\"ekit_breadcrumbs_start\"><a href=\"https:\/\/medhorizons.ch\/en\">Home<\/a><\/li><\/ol><\/div>\t\t\t\t<\/div>\n\t\t\t\t<\/div>\n\t\t\t\t<\/div>\n\t\t\t\t\t<\/div>\n\t\t\t\t<\/div>\n\t\t<div class=\"elementor-element elementor-element-bccb085 e-con-full e-flex e-con e-parent\" data-id=\"bccb085\" data-element_type=\"container\">\n\t\t<div class=\"elementor-element elementor-element-5e9f2c8 e-con-full e-flex e-con e-child\" data-id=\"5e9f2c8\" data-element_type=\"container\" data-settings=\"{&quot;background_background&quot;:&quot;classic&quot;}\">\n\t\t<div class=\"elementor-element elementor-element-e7e190c e-con-full e-flex e-con e-child\" data-id=\"e7e190c\" data-element_type=\"container\">\n\t\t<div class=\"elementor-element elementor-element-00b64b9 e-con-full e-flex elementor-invisible e-con e-child\" data-id=\"00b64b9\" data-element_type=\"container\" data-settings=\"{&quot;animation&quot;:&quot;fadeInUp&quot;,&quot;animation_delay&quot;:100}\">\n\t\t\t\t<div class=\"elementor-element elementor-element-29d9ebf v2-service-item ekit-equal-height-enable elementor-widget elementor-widget-elementskit-icon-box\" data-id=\"29d9ebf\" data-element_type=\"widget\" data-settings=\"{&quot;ekit_we_effect_on&quot;:&quot;none&quot;}\" data-widget_type=\"elementskit-icon-box.default\">\n\t\t\t\t<div class=\"elementor-widget-container\">\n\t\t\t\t\t<div class=\"ekit-wid-con\" >        <!-- link opening -->\n                <!-- end link opening -->\n\n        <div class=\"elementskit-infobox text-left text-left icon-top-align elementor-animation-  gradient-active  hover_from_bottom\">\n                    <div class=\"elementskit-box-header elementor-animation-\">\n                <div class=\"elementskit-info-box-icon\">\n                    <i aria-hidden=\"true\" class=\"elementkit-infobox-icon icon icon-medicine-1\"><\/i>\n                <\/div>\n          <\/div>\n                        <div class=\"box-body\">\n                            <h3 class=\"elementskit-info-box-title\">\n                    Pharmaceutical Services                <\/h3>\n                        \t\t  \t<p>Access a complete range of certified pharmaceutical products, tailored to the needs of clinics and hospitals.<\/p>\n                                        <div class=\"box-footer disable_hover_button\">\n                    <div class=\"btn-wraper\">\n                                                            <a class=\"elementskit-btn whitespace--normal\" href=\"https:\/\/medhorizons.ch\/en\/services\/\">\n                                         Learn more                                        <svg xmlns=\"http:\/\/www.w3.org\/2000\/svg\" width=\"16\" height=\"14\" viewbox=\"0 0 16 14\" fill=\"none\"><path d=\"M1 7H15M15 7L9 1M15 7L9 13\" stroke=\"white\" stroke-width=\"2\" stroke-linecap=\"round\" stroke-linejoin=\"round\"><\/path><\/svg>                                    <\/a>\n                                                        <\/div>\n                <\/div>\n                    <\/div>\n        \n        \n                <\/div>\n        <\/div>\t\t\t\t<\/div>\n\t\t\t\t<\/div>\n\t\t\t\t<\/div>\n\t\t<div class=\"elementor-element elementor-element-96ebe97 e-con-full e-flex elementor-invisible e-con e-child\" data-id=\"96ebe97\" data-element_type=\"container\" data-settings=\"{&quot;animation&quot;:&quot;fadeInUp&quot;,&quot;animation_delay&quot;:200}\">\n\t\t\t\t<div class=\"elementor-element elementor-element-7de07b8 v2-service-item ekit-equal-height-enable elementor-widget elementor-widget-elementskit-icon-box\" data-id=\"7de07b8\" data-element_type=\"widget\" data-settings=\"{&quot;ekit_we_effect_on&quot;:&quot;none&quot;}\" data-widget_type=\"elementskit-icon-box.default\">\n\t\t\t\t<div class=\"elementor-widget-container\">\n\t\t\t\t\t<div class=\"ekit-wid-con\" >        <!-- link opening -->\n                <!-- end link opening -->\n\n        <div class=\"elementskit-infobox text-left text-left icon-top-align elementor-animation-  gradient-active  hover_from_bottom\">\n                    <div class=\"elementskit-box-header elementor-animation-\">\n                <div class=\"elementskit-info-box-icon\">\n                    <svg xmlns=\"http:\/\/www.w3.org\/2000\/svg\" width=\"48\" height=\"48\" viewbox=\"0 0 48 48\" fill=\"none\"><g clip-path=\"url(#clip0_135_1894)\"><path d=\"M37.6875 39.9375C36.1169 39.9375 34.7696 40.9084 34.2121 42.2812H30.9375V45.0938H34.2121C34.7696 46.4666 36.1169 47.4375 37.6875 47.4375C39.7552 47.4375 41.4375 45.7552 41.4375 43.6875C41.4375 41.6198 39.7552 39.9375 37.6875 39.9375Z\" fill=\"white\"><\/path><path d=\"M44.25 31.9688C43.6336 31.9688 43.0521 32.1191 42.5385 32.3838L39.0565 29.4821C38.8038 29.2716 38.4852 29.1562 38.1562 29.1562H30.9375V31.9688H37.6471L40.7001 34.5129C40.5711 34.8916 40.5 35.2969 40.5 35.7188C40.5 37.7865 42.1823 39.4688 44.25 39.4688C46.3177 39.4688 48 37.7865 48 35.7188C48 33.651 46.3177 31.9688 44.25 31.9688Z\" fill=\"white\"><\/path><path d=\"M44.25 20.25C42.6794 20.25 41.3321 21.2209 40.7746 22.5938H30.9375V25.4062H40.7746C41.3321 26.7791 42.6794 27.75 44.25 27.75C46.3177 27.75 48 26.0677 48 24C48 21.9323 46.3177 20.25 44.25 20.25Z\" fill=\"white\"><\/path><path d=\"M39.0565 18.5178L42.5385 15.6161C43.0521 15.8809 43.6336 16.0312 44.25 16.0312C46.3177 16.0312 48 14.349 48 12.2812C48 10.2135 46.3177 8.53125 44.25 8.53125C42.1823 8.53125 40.5 10.2135 40.5 12.2812C40.5 12.7031 40.5711 13.1084 40.7001 13.4871L37.6471 16.0312H30.9375V18.8438H38.1562C38.4852 18.8438 38.8038 18.7284 39.0565 18.5178Z\" fill=\"white\"><\/path><path d=\"M37.6875 8.0625C39.7552 8.0625 41.4375 6.38025 41.4375 4.3125C41.4375 2.24475 39.7552 0.5625 37.6875 0.5625C36.1169 0.5625 34.7696 1.53338 34.2121 2.90625H30.9375V5.71875H34.2121C34.7696 7.09163 36.1169 8.0625 37.6875 8.0625Z\" fill=\"white\"><\/path><path d=\"M14.0625 24C14.0625 29.4278 18.4784 33.8438 23.9062 33.8438C25.4152 33.8438 26.8456 33.502 28.125 32.8927V15.1073C26.8456 14.498 25.4152 14.1562 23.9062 14.1562C18.4784 14.1562 14.0625 18.5722 14.0625 24Z\" fill=\"white\"><\/path><path d=\"M26.7188 0.09375H21.0938C20.3171 0.09375 19.6875 0.723375 19.6875 1.5V3.33047C17.0487 3.86803 14.5235 4.91419 12.2741 6.40162L10.9794 5.10703C10.4303 4.55784 9.53991 4.55784 8.99072 5.10703L5.01328 9.08447C4.46409 9.63356 4.46409 10.524 5.01328 11.0732L6.30787 12.3679C4.82044 14.6172 3.77428 17.1425 3.23672 19.7812H1.40625C0.629625 19.7812 0 20.4109 0 21.1875V26.8125C0 27.5891 0.629625 28.2188 1.40625 28.2188H3.23672C3.77428 30.8575 4.82044 33.3828 6.30787 35.6322L5.01319 36.9269C4.74947 37.1906 4.60134 37.5483 4.60134 37.9212C4.60134 38.2942 4.74947 38.6517 5.01319 38.9154L8.99072 42.893C9.53991 43.4422 10.4303 43.4422 10.9794 42.893L12.2741 41.5984C14.5235 43.0858 17.0487 44.1319 19.6875 44.6695V46.5C19.6875 47.2766 20.3171 47.9062 21.0938 47.9062H26.7188C27.4954 47.9062 28.125 47.2766 28.125 46.5V35.9323C26.8048 36.4005 25.385 36.6562 23.9062 36.6562C16.9276 36.6562 11.25 30.9787 11.25 24C11.25 17.0213 16.9276 11.3438 23.9062 11.3438C25.385 11.3438 26.8048 11.5995 28.125 12.0677V1.5C28.125 0.723375 27.4954 0.09375 26.7188 0.09375Z\" fill=\"white\"><\/path><\/g><defs><clippath id=\"clip0_135_1894\"><rect width=\"48\" height=\"48\" fill=\"white\"><\/rect><\/clippath><\/defs><\/svg>\n                <\/div>\n          <\/div>\n                        <div class=\"box-body\">\n                            <h3 class=\"elementskit-info-box-title\">\n                    Biomedical Equipment                <\/h3>\n                        \t\t  \t<p>State-of-the-art medical equipment to accurately diagnose, treat, and monitor patients' conditions.\n<\/p>\n                                        <div class=\"box-footer disable_hover_button\">\n                    <div class=\"btn-wraper\">\n                                                            <a class=\"elementskit-btn whitespace--normal\" href=\"https:\/\/medhorizons.ch\/en\/services\/\">\n                                         Learn more                                        <svg xmlns=\"http:\/\/www.w3.org\/2000\/svg\" width=\"16\" height=\"14\" viewbox=\"0 0 16 14\" fill=\"none\"><path d=\"M1 7H15M15 7L9 1M15 7L9 13\" stroke=\"white\" stroke-width=\"2\" stroke-linecap=\"round\" stroke-linejoin=\"round\"><\/path><\/svg>                                    <\/a>\n                                                        <\/div>\n                <\/div>\n                    <\/div>\n        \n        \n                <\/div>\n        <\/div>\t\t\t\t<\/div>\n\t\t\t\t<\/div>\n\t\t\t\t<\/div>\n\t\t<div class=\"elementor-element elementor-element-68a18b0 e-con-full e-flex elementor-invisible e-con e-child\" data-id=\"68a18b0\" data-element_type=\"container\" data-settings=\"{&quot;animation&quot;:&quot;fadeInUp&quot;,&quot;animation_delay&quot;:300}\">\n\t\t\t\t<div class=\"elementor-element elementor-element-d7660f8 v2-service-item ekit-equal-height-enable elementor-widget elementor-widget-elementskit-icon-box\" data-id=\"d7660f8\" data-element_type=\"widget\" data-settings=\"{&quot;ekit_we_effect_on&quot;:&quot;none&quot;}\" data-widget_type=\"elementskit-icon-box.default\">\n\t\t\t\t<div class=\"elementor-widget-container\">\n\t\t\t\t\t<div class=\"ekit-wid-con\" >        <!-- link opening -->\n                <!-- end link opening -->\n\n        <div class=\"elementskit-infobox text-left text-left icon-top-align elementor-animation-  gradient-active  hover_from_bottom\">\n                    <div class=\"elementskit-box-header elementor-animation-\">\n                <div class=\"elementskit-info-box-icon\">\n                    <i aria-hidden=\"true\" class=\"elementkit-infobox-icon icon icon-open-book1\"><\/i>\n                <\/div>\n          <\/div>\n                        <div class=\"box-body\">\n                            <h3 class=\"elementskit-info-box-title\">\n                    Training &amp; Workshop                <\/h3>\n                        \t\t  \t<p>Improve your skills through specialized training and workshops led by international medical experts.<\/p>\n                                        <div class=\"box-footer disable_hover_button\">\n                    <div class=\"btn-wraper\">\n                                                            <a class=\"elementskit-btn whitespace--normal\" href=\"https:\/\/medhorizons.ch\/en\/services\/\">\n                                         Learn more                                        <svg xmlns=\"http:\/\/www.w3.org\/2000\/svg\" width=\"16\" height=\"14\" viewbox=\"0 0 16 14\" fill=\"none\"><path d=\"M1 7H15M15 7L9 1M15 7L9 13\" stroke=\"white\" stroke-width=\"2\" stroke-linecap=\"round\" stroke-linejoin=\"round\"><\/path><\/svg>                                    <\/a>\n                                                        <\/div>\n                <\/div>\n                    <\/div>\n        \n        \n                <\/div>\n        <\/div>\t\t\t\t<\/div>\n\t\t\t\t<\/div>\n\t\t\t\t<\/div>\n\t\t\t\t<\/div>\n\t\t\t\t<\/div>\n\t\t\t\t<\/div>\n\t\t\t\t<\/div>","protected":false},"excerpt":{"rendered":"<p>Pour les professionnels\u200b Home Services Pharmaceutiques Acc\u00e9dez \u00e0 une gamme compl\u00e8te de produits pharmaceutiques certifi\u00e9s, [&hellip;]<\/p>","protected":false},"author":1,"featured_media":0,"parent":0,"menu_order":0,"comment_status":"closed","ping_status":"closed","template":"elementor_header_footer","meta":{"footnotes":""},"class_list":["post-7749","page","type-page","status-publish","hentry"],"_links":{"self":[{"href":"https:\/\/medhorizons.ch\/en\/wp-json\/wp\/v2\/pages\/7749","targetHints":{"allow":["GET"]}}],"collection":[{"href":"https:\/\/medhorizons.ch\/en\/wp-json\/wp\/v2\/pages"}],"about":[{"href":"https:\/\/medhorizons.ch\/en\/wp-json\/wp\/v2\/types\/page"}],"author":[{"embeddable":true,"href":"https:\/\/medhorizons.ch\/en\/wp-json\/wp\/v2\/users\/1"}],"replies":[{"embeddable":true,"href":"https:\/\/medhorizons.ch\/en\/wp-json\/wp\/v2\/comments?post=7749"}],"version-history":[{"count":25,"href":"https:\/\/medhorizons.ch\/en\/wp-json\/wp\/v2\/pages\/7749\/revisions"}],"predecessor-version":[{"id":7868,"href":"https:\/\/medhorizons.ch\/en\/wp-json\/wp\/v2\/pages\/7749\/revisions\/7868"}],"wp:attachment":[{"href":"https:\/\/medhorizons.ch\/en\/wp-json\/wp\/v2\/media?parent=7749"}],"curies":[{"name":"wp","href":"https:\/\/api.w.org\/{rel}","templated":true}]}}