{"id":101,"date":"2024-10-01T12:01:21","date_gmt":"2024-10-01T12:01:21","guid":{"rendered":"https:\/\/demo.awaikenthemes.com\/primecare\/demo2\/?page_id=101"},"modified":"2025-05-15T22:23:37","modified_gmt":"2025-05-15T22:23:37","slug":"interventions-medicales","status":"publish","type":"page","link":"https:\/\/medhorizons.ch\/en\/interventions-medicales\/","title":{"rendered":"Medical Interventions"},"content":{"rendered":"<div data-elementor-type=\"wp-page\" data-elementor-id=\"101\" class=\"elementor elementor-101\">\n\t\t\t\t<div class=\"elementor-element elementor-element-c4c3bef e-flex e-con-boxed e-con e-parent\" data-id=\"c4c3bef\" data-element_type=\"container\" data-settings=\"{&quot;background_background&quot;:&quot;classic&quot;}\">\n\t\t\t\t\t<div class=\"e-con-inner\">\n\t\t<div class=\"elementor-element elementor-element-ed84045 e-con-full e-flex e-con e-child\" data-id=\"ed84045\" data-element_type=\"container\">\n\t\t\t\t<div class=\"elementor-element elementor-element-1eed446 at-heading-animation at-animation-heading-style-3 elementor-widget elementor-widget-heading\" data-id=\"1eed446\" data-element_type=\"widget\" data-settings=\"{&quot;ekit_we_effect_on&quot;:&quot;none&quot;}\" data-widget_type=\"heading.default\">\n\t\t\t\t<div class=\"elementor-widget-container\">\n\t\t\t\t\t<h1 class=\"elementor-heading-title elementor-size-default\">Sp\u00e9cialit\u00e9s<\/h1>\t\t\t\t<\/div>\n\t\t\t\t<\/div>\n\t\t\t\t<div class=\"elementor-element elementor-element-fd5b281 elementor-invisible elementor-widget elementor-widget-elementskit-breadcrumb\" data-id=\"fd5b281\" data-element_type=\"widget\" data-settings=\"{&quot;_animation&quot;:&quot;fadeInUp&quot;,&quot;ekit_we_effect_on&quot;:&quot;none&quot;}\" data-widget_type=\"elementskit-breadcrumb.default\">\n\t\t\t\t<div class=\"elementor-widget-container\">\n\t\t\t\t\t<div class=\"ekit-wid-con\" ><ol class=\"ekit-breadcrumb\"><li class=\"ekit_breadcrumbs_start\"><a href=\"https:\/\/medhorizons.ch\/en\">Home<\/a><\/li><\/ol><\/div>\t\t\t\t<\/div>\n\t\t\t\t<\/div>\n\t\t\t\t<\/div>\n\t\t\t\t\t<\/div>\n\t\t\t\t<\/div>\n\t\t<div class=\"elementor-element elementor-element-61a917f e-flex e-con-boxed e-con e-parent\" data-id=\"61a917f\" data-element_type=\"container\">\n\t\t\t\t\t<div class=\"e-con-inner\">\n\t\t\t\t<div class=\"elementor-element elementor-element-f60291b at-heading-animation at-animation-heading-none elementor-widget elementor-widget-heading\" data-id=\"f60291b\" data-element_type=\"widget\" data-settings=\"{&quot;ekit_we_effect_on&quot;:&quot;none&quot;}\" data-widget_type=\"heading.default\">\n\t\t\t\t<div class=\"elementor-widget-container\">\n\t\t\t\t\t<h2 class=\"elementor-heading-title elementor-size-default\">Sp\u00e9cialit\u00e9s d'interventions<\/h2>\t\t\t\t<\/div>\n\t\t\t\t<\/div>\n\t\t\t\t<div class=\"elementor-element elementor-element-68ad435 elementor-widget elementor-widget-text-editor\" data-id=\"68ad435\" data-element_type=\"widget\" data-settings=\"{&quot;ekit_we_effect_on&quot;:&quot;none&quot;}\" data-widget_type=\"text-editor.default\">\n\t\t\t\t<div class=\"elementor-widget-container\">\n\t\t\t\t\t\t\t\t\t<div class=\"d-flex justify-content-center  justify-content-lg-center text-center  text-lg-center\"><div class=\"cms-posts-heading w-100 pb-15\"><div class=\"cms-desc text-16 mb-n7 pt-10  text-body empty-none\" style=\"text-align: center;\">Quelle que soit la sp\u00e9cialit\u00e9 de votre intervention, nous vous assurons l&rsquo;excellence m\u00e9dicale et des services de qualit\u00e9 tout au long de votre s\u00e9jour en Tunisie.\u00a0\u00bb<\/div><\/div><\/div>\t\t\t\t\t\t\t\t<\/div>\n\t\t\t\t<\/div>\n\t\t\t\t\t<\/div>\n\t\t\t\t<\/div>\n\t\t<div class=\"elementor-element elementor-element-584a171 e-flex e-con-boxed e-con e-parent\" data-id=\"584a171\" data-element_type=\"container\">\n\t\t\t\t\t<div class=\"e-con-inner\">\n\t\t<div class=\"elementor-element elementor-element-642bfcd e-con-full e-flex e-con e-child\" data-id=\"642bfcd\" data-element_type=\"container\">\n\t\t<div class=\"elementor-element elementor-element-5dd7d0b e-con-full e-flex elementor-invisible e-con e-child\" data-id=\"5dd7d0b\" data-element_type=\"container\" data-settings=\"{&quot;animation&quot;:&quot;fadeInUp&quot;}\">\n\t\t\t\t<div class=\"elementor-element elementor-element-8a47d98 v2-service-item ekit-equal-height-enable elementor-widget elementor-widget-elementskit-icon-box\" data-id=\"8a47d98\" data-element_type=\"widget\" data-settings=\"{&quot;ekit_we_effect_on&quot;:&quot;none&quot;}\" data-widget_type=\"elementskit-icon-box.default\">\n\t\t\t\t<div class=\"elementor-widget-container\">\n\t\t\t\t\t<div class=\"ekit-wid-con\" >        <!-- link opening -->\n                <!-- end link opening -->\n\n        <div class=\"elementskit-infobox text-left text- icon-lef-right-aligin elementor-animation-  gradient-active  hover_from_bottom\">\n                            <div class=\"elementskit-box-header\">\n                <div class=\"elementskit-info-box-icon text-center\">\n                    <img fetchpriority=\"high\" decoding=\"async\" width=\"1642\" height=\"1094\" src=\"https:\/\/medhorizons.ch\/wp-content\/uploads\/2025\/05\/femme-medecin-dans-robe-medicale-bleue-verifiant-jambe-cassee-patient-sexe-masculin.jpg\" class=\"attachment- size-\" alt=\"\" \/>                <\/div>\n          <\/div>\n                <div class=\"box-body\">\n                            <h3 class=\"elementskit-info-box-title\">\n                    Orthopedic surgery                <\/h3>\n                        \t\t  \t<p>Des douleurs articulaires chroniques ? Des fractures mal soign\u00e9es ? ...<\/p>\n                                        <div class=\"box-footer disable_hover_button\">\n                    <div class=\"btn-wraper\">\n                                                            <a class=\"elementskit-btn whitespace--normal\" href=\"https:\/\/medhorizons.ch\/en\/services\/chirurgie-orthopedique\/\">\n                                        Learn more                                        <svg xmlns=\"http:\/\/www.w3.org\/2000\/svg\" width=\"16\" height=\"14\" viewbox=\"0 0 16 14\" fill=\"none\"><path d=\"M1 7H15M15 7L9 1M15 7L9 13\" stroke=\"white\" stroke-width=\"2\" stroke-linecap=\"round\" stroke-linejoin=\"round\"><\/path><\/svg>                                    <\/a>\n                                                        <\/div>\n                <\/div>\n                    <\/div>\n        \n        \n                <\/div>\n        <\/div>\t\t\t\t<\/div>\n\t\t\t\t<\/div>\n\t\t\t\t<\/div>\n\t\t<div class=\"elementor-element elementor-element-cd6346b e-con-full e-flex elementor-invisible e-con e-child\" data-id=\"cd6346b\" data-element_type=\"container\" data-settings=\"{&quot;animation&quot;:&quot;fadeInUp&quot;,&quot;animation_delay&quot;:100}\">\n\t\t\t\t<div class=\"elementor-element elementor-element-f4cc49f v2-service-item ekit-equal-height-enable elementor-widget elementor-widget-elementskit-icon-box\" data-id=\"f4cc49f\" data-element_type=\"widget\" data-settings=\"{&quot;ekit_we_effect_on&quot;:&quot;none&quot;}\" data-widget_type=\"elementskit-icon-box.default\">\n\t\t\t\t<div class=\"elementor-widget-container\">\n\t\t\t\t\t<div class=\"ekit-wid-con\" >        <!-- link opening -->\n                <!-- end link opening -->\n\n        <div class=\"elementskit-infobox text-left text- icon-lef-right-aligin elementor-animation-  gradient-active  hover_from_bottom\">\n                            <div class=\"elementskit-box-header\">\n                <div class=\"elementskit-info-box-icon text-center\">\n                    <img decoding=\"async\" width=\"1920\" height=\"1280\" src=\"https:\/\/medhorizons.ch\/wp-content\/uploads\/2024\/10\/interactive-process-image-1.jpg\" class=\"attachment- size-\" alt=\"\" \/>                <\/div>\n          <\/div>\n                <div class=\"box-body\">\n                            <h3 class=\"elementskit-info-box-title\">\n                    Dental surgery                <\/h3>\n                        \t\t  \t<p>Maux de dents persistants? Les dents manquantes affectent-elles votre sourire..<\/p>\n                                        <div class=\"box-footer disable_hover_button\">\n                    <div class=\"btn-wraper\">\n                                                            <a class=\"elementskit-btn whitespace--normal\" href=\"https:\/\/medhorizons.ch\/en\/services\/chirurgie-dentaire\/\">\n                                        Learn more                                        <svg xmlns=\"http:\/\/www.w3.org\/2000\/svg\" width=\"16\" height=\"14\" viewbox=\"0 0 16 14\" fill=\"none\"><path d=\"M1 7H15M15 7L9 1M15 7L9 13\" stroke=\"white\" stroke-width=\"2\" stroke-linecap=\"round\" stroke-linejoin=\"round\"><\/path><\/svg>                                    <\/a>\n                                                        <\/div>\n                <\/div>\n                    <\/div>\n        \n        \n                <\/div>\n        <\/div>\t\t\t\t<\/div>\n\t\t\t\t<\/div>\n\t\t\t\t<\/div>\n\t\t<div class=\"elementor-element elementor-element-b7d837a e-con-full e-flex elementor-invisible e-con e-child\" data-id=\"b7d837a\" data-element_type=\"container\" data-settings=\"{&quot;animation&quot;:&quot;fadeInUp&quot;,&quot;animation_delay&quot;:200}\">\n\t\t\t\t<div class=\"elementor-element elementor-element-5632da3 v2-service-item ekit-equal-height-disable elementor-widget elementor-widget-elementskit-icon-box\" data-id=\"5632da3\" data-element_type=\"widget\" data-settings=\"{&quot;ekit_we_effect_on&quot;:&quot;none&quot;}\" data-widget_type=\"elementskit-icon-box.default\">\n\t\t\t\t<div class=\"elementor-widget-container\">\n\t\t\t\t\t<div class=\"ekit-wid-con\" >        <!-- link opening -->\n                <!-- end link opening -->\n\n        <div class=\"elementskit-infobox text-left text- icon-lef-right-aligin elementor-animation-  gradient-active  hover_from_bottom\">\n                            <div class=\"elementskit-box-header\">\n                <div class=\"elementskit-info-box-icon text-center\">\n                    <img decoding=\"async\" width=\"1682\" height=\"1121\" src=\"https:\/\/medhorizons.ch\/wp-content\/uploads\/2025\/05\/Chirurgie-bariatrique.jpg\" class=\"attachment- size-\" alt=\"\" \/>                <\/div>\n          <\/div>\n                <div class=\"box-body\">\n                            <h3 class=\"elementskit-info-box-title\">\n                    Bariatric surgery                <\/h3>\n                        \t\t  \t<p>Vous souffrez d\u2019ob\u00e9sit\u00e9 s\u00e9v\u00e8re et les r\u00e9gimes n\u2019ont pas port\u00e9 leurs fruits ? ...<\/p>\n                                        <div class=\"box-footer disable_hover_button\">\n                    <div class=\"btn-wraper\">\n                                                            <a class=\"elementskit-btn whitespace--normal\" href=\"https:\/\/medhorizons.ch\/en\/services\/chirurgie-bariatrique\/\">\n                                        Learn more                                        <svg xmlns=\"http:\/\/www.w3.org\/2000\/svg\" width=\"16\" height=\"14\" viewbox=\"0 0 16 14\" fill=\"none\"><path d=\"M1 7H15M15 7L9 1M15 7L9 13\" stroke=\"white\" stroke-width=\"2\" stroke-linecap=\"round\" stroke-linejoin=\"round\"><\/path><\/svg>                                    <\/a>\n                                                        <\/div>\n                <\/div>\n                    <\/div>\n        \n        \n                <\/div>\n        <\/div>\t\t\t\t<\/div>\n\t\t\t\t<\/div>\n\t\t\t\t<\/div>\n\t\t<div class=\"elementor-element elementor-element-9c465b1 e-con-full e-flex elementor-invisible e-con e-child\" data-id=\"9c465b1\" data-element_type=\"container\" data-settings=\"{&quot;animation&quot;:&quot;fadeInUp&quot;,&quot;animation_delay&quot;:300}\">\n\t\t\t\t<div class=\"elementor-element elementor-element-9ea53e9 v2-service-item ekit-equal-height-enable elementor-widget elementor-widget-elementskit-icon-box\" data-id=\"9ea53e9\" data-element_type=\"widget\" data-settings=\"{&quot;ekit_we_effect_on&quot;:&quot;none&quot;}\" data-widget_type=\"elementskit-icon-box.default\">\n\t\t\t\t<div class=\"elementor-widget-container\">\n\t\t\t\t\t<div class=\"ekit-wid-con\" >        <!-- link opening -->\n                <!-- end link opening -->\n\n        <div class=\"elementskit-infobox text-left text- icon-lef-right-aligin elementor-animation-  gradient-active  hover_from_bottom\">\n                            <div class=\"elementskit-box-header\">\n                <div class=\"elementskit-info-box-icon text-center\">\n                    <img loading=\"lazy\" decoding=\"async\" width=\"1920\" height=\"1280\" src=\"https:\/\/medhorizons.ch\/wp-content\/uploads\/2025\/05\/Neurologie.jpg\" class=\"attachment- size-\" alt=\"\" \/>                <\/div>\n          <\/div>\n                <div class=\"box-body\">\n                            <h3 class=\"elementskit-info-box-title\">\n                    Neurosurgery                <\/h3>\n                        \t\t  \t<p>La neurochirurgie est une sp\u00e9cialit\u00e9 m\u00e9dicale d\u00e9di\u00e9e au diagnostic et au traitement...<\/p>\n                                        <div class=\"box-footer disable_hover_button\">\n                    <div class=\"btn-wraper\">\n                                                            <a class=\"elementskit-btn whitespace--normal\" href=\"https:\/\/medhorizons.ch\/en\/services\/neurochirurgie\/\">\n                                        Learn more                                        <svg xmlns=\"http:\/\/www.w3.org\/2000\/svg\" width=\"16\" height=\"14\" viewbox=\"0 0 16 14\" fill=\"none\"><path d=\"M1 7H15M15 7L9 1M15 7L9 13\" stroke=\"white\" stroke-width=\"2\" stroke-linecap=\"round\" stroke-linejoin=\"round\"><\/path><\/svg>                                    <\/a>\n                                                        <\/div>\n                <\/div>\n                    <\/div>\n        \n        \n                <\/div>\n        <\/div>\t\t\t\t<\/div>\n\t\t\t\t<\/div>\n\t\t\t\t<\/div>\n\t\t<div class=\"elementor-element elementor-element-4d1d934 e-con-full e-flex elementor-invisible e-con e-child\" data-id=\"4d1d934\" data-element_type=\"container\" data-settings=\"{&quot;animation&quot;:&quot;fadeInUp&quot;,&quot;animation_delay&quot;:400}\">\n\t\t\t\t<div class=\"elementor-element elementor-element-5cb38ea v2-service-item ekit-equal-height-enable elementor-widget elementor-widget-elementskit-icon-box\" data-id=\"5cb38ea\" data-element_type=\"widget\" data-settings=\"{&quot;ekit_we_effect_on&quot;:&quot;none&quot;}\" data-widget_type=\"elementskit-icon-box.default\">\n\t\t\t\t<div class=\"elementor-widget-container\">\n\t\t\t\t\t<div class=\"ekit-wid-con\" >        <!-- link opening -->\n                <!-- end link opening -->\n\n        <div class=\"elementskit-infobox text-left text- icon-lef-right-aligin elementor-animation-  gradient-active  hover_from_bottom\">\n                            <div class=\"elementskit-box-header\">\n                <div class=\"elementskit-info-box-icon text-center\">\n                    <img loading=\"lazy\" decoding=\"async\" width=\"645\" height=\"300\" src=\"https:\/\/medhorizons.ch\/wp-content\/uploads\/2025\/05\/urology-e1747257783717.jpg\" class=\"attachment- size-\" alt=\"\" \/>                <\/div>\n          <\/div>\n                <div class=\"box-body\">\n                            <h3 class=\"elementskit-info-box-title\">\n                    Urological surgery                <\/h3>\n                        \t\t  \t<p>La chirurgie urologique, pratiqu\u00e9e par nos m\u00e9decins partenaires en ...<\/p>\n                                        <div class=\"box-footer disable_hover_button\">\n                    <div class=\"btn-wraper\">\n                                                            <a class=\"elementskit-btn whitespace--normal\" href=\"https:\/\/medhorizons.ch\/en\/services\/chirurgie-urologique\/\">\n                                        Learn more                                        <svg xmlns=\"http:\/\/www.w3.org\/2000\/svg\" width=\"16\" height=\"14\" viewbox=\"0 0 16 14\" fill=\"none\"><path d=\"M1 7H15M15 7L9 1M15 7L9 13\" stroke=\"white\" stroke-width=\"2\" stroke-linecap=\"round\" stroke-linejoin=\"round\"><\/path><\/svg>                                    <\/a>\n                                                        <\/div>\n                <\/div>\n                    <\/div>\n        \n        \n                <\/div>\n        <\/div>\t\t\t\t<\/div>\n\t\t\t\t<\/div>\n\t\t\t\t<\/div>\n\t\t<div class=\"elementor-element elementor-element-2c6a7ac e-con-full e-flex elementor-invisible e-con e-child\" data-id=\"2c6a7ac\" data-element_type=\"container\" data-settings=\"{&quot;animation&quot;:&quot;fadeInUp&quot;,&quot;animation_delay&quot;:500}\">\n\t\t\t\t<div class=\"elementor-element elementor-element-ab86fc3 v2-service-item ekit-equal-height-enable elementor-widget elementor-widget-elementskit-icon-box\" data-id=\"ab86fc3\" data-element_type=\"widget\" data-settings=\"{&quot;ekit_we_effect_on&quot;:&quot;none&quot;}\" data-widget_type=\"elementskit-icon-box.default\">\n\t\t\t\t<div class=\"elementor-widget-container\">\n\t\t\t\t\t<div class=\"ekit-wid-con\" >        <!-- link opening -->\n                <!-- end link opening -->\n\n        <div class=\"elementskit-infobox text-left text- icon-lef-right-aligin elementor-animation-  gradient-active  hover_from_bottom\">\n                            <div class=\"elementskit-box-header\">\n                <div class=\"elementskit-info-box-icon text-center\">\n                    <img loading=\"lazy\" decoding=\"async\" width=\"1800\" height=\"912\" src=\"https:\/\/medhorizons.ch\/wp-content\/uploads\/2025\/05\/stethoscope-coeur-realiste.jpg\" class=\"attachment- size-\" alt=\"\" \/>                <\/div>\n          <\/div>\n                <div class=\"box-body\">\n                            <h3 class=\"elementskit-info-box-title\">\n                    Cardiovascular surgery                <\/h3>\n                        \t\t  \t<p>La chirurgie cardiovasculaire, sp\u00e9cialis\u00e9e dans le diag...<\/p>\n                                        <div class=\"box-footer disable_hover_button\">\n                    <div class=\"btn-wraper\">\n                                                            <a class=\"elementskit-btn whitespace--normal\" href=\"https:\/\/medhorizons.ch\/en\/services\/chirurgie-cardio-vasculaire\/\">\n                                        Learn more                                        <svg xmlns=\"http:\/\/www.w3.org\/2000\/svg\" width=\"16\" height=\"14\" viewbox=\"0 0 16 14\" fill=\"none\"><path d=\"M1 7H15M15 7L9 1M15 7L9 13\" stroke=\"white\" stroke-width=\"2\" stroke-linecap=\"round\" stroke-linejoin=\"round\"><\/path><\/svg>                                    <\/a>\n                                                        <\/div>\n                <\/div>\n                    <\/div>\n        \n        \n                <\/div>\n        <\/div>\t\t\t\t<\/div>\n\t\t\t\t<\/div>\n\t\t\t\t<\/div>\n\t\t<div class=\"elementor-element elementor-element-cc8128b e-con-full e-flex elementor-invisible e-con e-child\" data-id=\"cc8128b\" data-element_type=\"container\" data-settings=\"{&quot;animation&quot;:&quot;fadeInUp&quot;,&quot;animation_delay&quot;:600}\">\n\t\t\t\t<div class=\"elementor-element elementor-element-d5fab1e v2-service-item ekit-equal-height-enable elementor-widget elementor-widget-elementskit-icon-box\" data-id=\"d5fab1e\" data-element_type=\"widget\" data-settings=\"{&quot;ekit_we_effect_on&quot;:&quot;none&quot;}\" data-widget_type=\"elementskit-icon-box.default\">\n\t\t\t\t<div class=\"elementor-widget-container\">\n\t\t\t\t\t<div class=\"ekit-wid-con\" >        <!-- link opening -->\n                <!-- end link opening -->\n\n        <div class=\"elementskit-infobox text-left text- icon-lef-right-aligin elementor-animation-  gradient-active  hover_from_bottom\">\n                            <div class=\"elementskit-box-header\">\n                <div class=\"elementskit-info-box-icon text-center\">\n                    <img loading=\"lazy\" decoding=\"async\" width=\"1078\" height=\"644\" src=\"https:\/\/medhorizons.ch\/wp-content\/uploads\/2025\/05\/WhatsApp-Image-2024-06-07-a-18.22.46_d5dcd3dd-e1747257635982.jpg\" class=\"attachment- size-\" alt=\"\" \/>                <\/div>\n          <\/div>\n                <div class=\"box-body\">\n                            <h3 class=\"elementskit-info-box-title\">\n                    Hair transplant                <\/h3>\n                        \t\t  \t<p>La greffe de cheveux est la seule solution radicale pour traiter les...<\/p>\n                                        <div class=\"box-footer disable_hover_button\">\n                    <div class=\"btn-wraper\">\n                                                            <a class=\"elementskit-btn whitespace--normal\" href=\"https:\/\/medhorizons.ch\/en\/services\/greffe-de-cheveux\/\">\n                                        Learn more                                        <svg xmlns=\"http:\/\/www.w3.org\/2000\/svg\" width=\"16\" height=\"14\" viewbox=\"0 0 16 14\" fill=\"none\"><path d=\"M1 7H15M15 7L9 1M15 7L9 13\" stroke=\"white\" stroke-width=\"2\" stroke-linecap=\"round\" stroke-linejoin=\"round\"><\/path><\/svg>                                    <\/a>\n                                                        <\/div>\n                <\/div>\n                    <\/div>\n        \n        \n                <\/div>\n        <\/div>\t\t\t\t<\/div>\n\t\t\t\t<\/div>\n\t\t\t\t<\/div>\n\t\t<div class=\"elementor-element elementor-element-2df91aa e-con-full e-flex elementor-invisible e-con e-child\" data-id=\"2df91aa\" data-element_type=\"container\" data-settings=\"{&quot;animation&quot;:&quot;fadeInUp&quot;,&quot;animation_delay&quot;:700}\">\n\t\t\t\t<div class=\"elementor-element elementor-element-7b80c19 v2-service-item ekit-equal-height-enable elementor-widget elementor-widget-elementskit-icon-box\" data-id=\"7b80c19\" data-element_type=\"widget\" data-settings=\"{&quot;ekit_we_effect_on&quot;:&quot;none&quot;}\" data-widget_type=\"elementskit-icon-box.default\">\n\t\t\t\t<div class=\"elementor-widget-container\">\n\t\t\t\t\t<div class=\"ekit-wid-con\" >        <!-- link opening -->\n                <!-- end link opening -->\n\n        <div class=\"elementskit-infobox text-left text- icon-lef-right-aligin elementor-animation-  gradient-active  hover_from_bottom\">\n                            <div class=\"elementskit-box-header\">\n                <div class=\"elementskit-info-box-icon text-center\">\n                    <img loading=\"lazy\" decoding=\"async\" width=\"1920\" height=\"1058\" src=\"https:\/\/medhorizons.ch\/wp-content\/uploads\/2025\/05\/Ophtalmologie.jpg\" class=\"attachment- size-\" alt=\"\" \/>                <\/div>\n          <\/div>\n                <div class=\"box-body\">\n                            <h3 class=\"elementskit-info-box-title\">\n                    Eye surgery                <\/h3>\n                        \t\t  \t<p>La chirurgie ophtalmologique, \u00e9galement connue sous le nom de chirurgie des yeux ...<\/p>\n                                        <div class=\"box-footer disable_hover_button\">\n                    <div class=\"btn-wraper\">\n                                                            <a class=\"elementskit-btn whitespace--normal\" href=\"https:\/\/medhorizons.ch\/en\/services\/chirurgie-ophtalmologique\/\">\n                                        Learn more                                        <svg xmlns=\"http:\/\/www.w3.org\/2000\/svg\" width=\"16\" height=\"14\" viewbox=\"0 0 16 14\" fill=\"none\"><path d=\"M1 7H15M15 7L9 1M15 7L9 13\" stroke=\"white\" stroke-width=\"2\" stroke-linecap=\"round\" stroke-linejoin=\"round\"><\/path><\/svg>                                    <\/a>\n                                                        <\/div>\n                <\/div>\n                    <\/div>\n        \n        \n                <\/div>\n        <\/div>\t\t\t\t<\/div>\n\t\t\t\t<\/div>\n\t\t\t\t<\/div>\n\t\t\t\t<\/div>\n\t\t\t\t\t<\/div>\n\t\t\t\t<\/div>\n\t\t\t\t<\/div>","protected":false},"excerpt":{"rendered":"<p>Sp\u00e9cialit\u00e9s Home Sp\u00e9cialit\u00e9s d&rsquo;interventions Quelle que soit la sp\u00e9cialit\u00e9 de votre intervention, nous vous assurons [&hellip;]<\/p>","protected":false},"author":1,"featured_media":0,"parent":0,"menu_order":0,"comment_status":"closed","ping_status":"closed","template":"elementor_header_footer","meta":{"footnotes":""},"class_list":["post-101","page","type-page","status-publish","hentry"],"_links":{"self":[{"href":"https:\/\/medhorizons.ch\/en\/wp-json\/wp\/v2\/pages\/101","targetHints":{"allow":["GET"]}}],"collection":[{"href":"https:\/\/medhorizons.ch\/en\/wp-json\/wp\/v2\/pages"}],"about":[{"href":"https:\/\/medhorizons.ch\/en\/wp-json\/wp\/v2\/types\/page"}],"author":[{"embeddable":true,"href":"https:\/\/medhorizons.ch\/en\/wp-json\/wp\/v2\/users\/1"}],"replies":[{"embeddable":true,"href":"https:\/\/medhorizons.ch\/en\/wp-json\/wp\/v2\/comments?post=101"}],"version-history":[{"count":27,"href":"https:\/\/medhorizons.ch\/en\/wp-json\/wp\/v2\/pages\/101\/revisions"}],"predecessor-version":[{"id":7854,"href":"https:\/\/medhorizons.ch\/en\/wp-json\/wp\/v2\/pages\/101\/revisions\/7854"}],"wp:attachment":[{"href":"https:\/\/medhorizons.ch\/en\/wp-json\/wp\/v2\/media?parent=101"}],"curies":[{"name":"wp","href":"https:\/\/api.w.org\/{rel}","templated":true}]}}